{"id":96,"date":"2021-08-30T19:17:55","date_gmt":"2021-08-30T16:17:55","guid":{"rendered":"https:\/\/www.accfinland.org\/kauppa\/?page_id=96"},"modified":"2021-09-01T20:13:19","modified_gmt":"2021-09-01T17:13:19","slug":"refund_returns","status":"publish","type":"page","link":"https:\/\/www.accfinland.org\/kauppa\/refund_returns\/","title":{"rendered":"Toimitus- ja palautusehdot"},"content":{"rendered":"\n<p>Tarjoamme tuotteillemme 14 pv palautusoikeuden. Tuotteilla voi my\u00f6s olla pidempi palautusoikeus, josta mainitaan erikseen. <\/p>\n\n\n\n<p>Digitaaliselle sis\u00e4ll\u00f6ll\u00e4 mm. konferenssitallenteet on 14 pv palautusoikeus. Palautusoikeuden menett\u00e4\u00e4 lataamalla ostetun digitaalisen sis\u00e4ll\u00f6n ja\/tai muuten suostumuksellisesti vastaanottamalla digitaalisen sis\u00e4ll\u00f6n.<\/p>\n\n\n\n<p>Sinet\u00f6idyill\u00e4 cd\/dvd-levyill\u00e4, jotka on avattu ei ole palautusoikeutta.<\/p>\n\n\n\n<p>Yksitt\u00e4isill\u00e4 julkaisuilla ei ole palautusoikeutta.<\/p>\n\n\n\n<p>Webinaari- tai konferenssilippuja ei voi palauttaa kyseisen webinaarin tai konferenssin pit\u00e4misen tai erikseen mainitun p\u00e4iv\u00e4m\u00e4\u00e4r\u00e4n j\u00e4lkeen.<\/p>\n\n\n\n<p><strong>Tuotteiden toimitusmaksu on 5 \u20ac ensimm\u00e4iselt\u00e4 tuotteelta ja 2.5 \u20ac seuraavilta samaan tilaukseen kuuluvilta tuotteilta. Jos tuotteelle\/tuotteille ei n\u00e4y toimituskuluja kassalla on n\u00e4iden tuotteiden toimitus ilmainen. Postitettavat tuotteet postitetaan seitsem\u00e4n (7) arkip\u00e4iv\u00e4n kuluessa tilauksesta. Digitaaliset tuotteet toimitetaan annettuun s\u00e4hk\u00f6postiosoitteeseen ja\/tai annetaan ladattavaksi heti maksutapahtuman j\u00e4lkeen.<\/strong> <strong>Toimitamme vain Suomeen.<\/strong><\/p>\n\n\n\n<p><strong>Palauttaaksesi tuotteen ota yhteytt\u00e4 osoitteeseen palautukset(at)accfinland.org palautusajan sis\u00e4ll\u00e4. Asiakas vastaa palautusten mahdollisista postituskuluista. Vastaamme yhteydenottoihin seitsem\u00e4n (7) arkip\u00e4iv\u00e4n sis\u00e4ll\u00e4.<\/strong><\/p>\n\n\n\n<p><strong>Reklamaatiot osoitteeseen palautukset(at)accfinland.org vastaamme reklamaatioihin seitsem\u00e4n (7) arkip\u00e4iv\u00e4n sis\u00e4ll\u00e4.<\/strong><\/p>\n\n\n\n<p><strong>Palautuksissa maksunpalautus tehd\u00e4\u00e4n tilauksessa k\u00e4ytetylle maksutavalle.<\/strong><\/p>\n\n\n\n<p><strong>Jos tuotteen toimittaminen ei onnistu ilmoitetaan siit\u00e4 mahdollisimman nopeasti asiakkalle ja rahat palautetaan kokonaisuudessaan maksunpalautuksena tilauksessa k\u00e4ytetylle maksutavalle<\/strong>.<\/p>\n","protected":false},"excerpt":{"rendered":"<p>Tarjoamme tuotteillemme 14 pv palautusoikeuden. Tuotteilla voi my\u00f6s olla pidempi palautusoikeus, josta mainitaan erikseen. Digitaaliselle sis\u00e4ll\u00f6ll\u00e4 mm. konferenssitallenteet on 14 pv palautusoikeus. Palautusoikeuden menett\u00e4\u00e4 lataamalla ostetun digitaalisen sis\u00e4ll\u00f6n ja\/tai muuten suostumuksellisesti vastaanottamalla digitaalisen sis\u00e4ll\u00f6n. Sinet\u00f6idyill\u00e4 cd\/dvd-levyill\u00e4, jotka on avattu ei ole palautusoikeutta. Yksitt\u00e4isill\u00e4 julkaisuilla ei ole palautusoikeutta. Webinaari- tai konferenssilippuja ei voi palauttaa kyseisen webinaarin [&hellip;]<\/p>\n","protected":false},"author":1,"featured_media":0,"parent":0,"menu_order":0,"comment_status":"closed","ping_status":"closed","template":"","meta":{"footnotes":""},"class_list":["post-96","page","type-page","status-publish","hentry"],"_links":{"self":[{"href":"https:\/\/www.accfinland.org\/kauppa\/wp-json\/wp\/v2\/pages\/96","targetHints":{"allow":["GET"]}}],"collection":[{"href":"https:\/\/www.accfinland.org\/kauppa\/wp-json\/wp\/v2\/pages"}],"about":[{"href":"https:\/\/www.accfinland.org\/kauppa\/wp-json\/wp\/v2\/types\/page"}],"author":[{"embeddable":true,"href":"https:\/\/www.accfinland.org\/kauppa\/wp-json\/wp\/v2\/users\/1"}],"replies":[{"embeddable":true,"href":"https:\/\/www.accfinland.org\/kauppa\/wp-json\/wp\/v2\/comments?post=96"}],"version-history":[{"count":9,"href":"https:\/\/www.accfinland.org\/kauppa\/wp-json\/wp\/v2\/pages\/96\/revisions"}],"predecessor-version":[{"id":180,"href":"https:\/\/www.accfinland.org\/kauppa\/wp-json\/wp\/v2\/pages\/96\/revisions\/180"}],"wp:attachment":[{"href":"https:\/\/www.accfinland.org\/kauppa\/wp-json\/wp\/v2\/media?parent=96"}],"curies":[{"name":"wp","href":"https:\/\/api.w.org\/{rel}","templated":true}]}}