{"id":3387,"date":"2025-11-06T03:06:43","date_gmt":"2025-11-06T01:06:43","guid":{"rendered":"https:\/\/www.accfinland.org\/kauppa\/?post_type=product&#038;p=3387"},"modified":"2026-02-03T19:19:31","modified_gmt":"2026-02-03T17:19:31","slug":"koulutustapahtuma-toivo-ja-rakkaus-surussa-ja-luopumisessa-30-1-2026","status":"publish","type":"product","link":"https:\/\/www.accfinland.org\/kauppa\/tuote\/koulutustapahtuma-toivo-ja-rakkaus-surussa-ja-luopumisessa-30-1-2026\/","title":{"rendered":"Koulutustapahtuma Toivo ja rakkaus surussa ja luopumisessa 30.1.2026"},"content":{"rendered":"<p><strong>Koulutustapahtuma pe 30.1.2026 klo 9.30-17.30 Toivo ja rakkaus surussa ja luopumisessa<br \/>\n<\/strong><\/p>\n<p>Paikka: Teopolis\/Suomen teologinen opisto<br \/>\nSairaalankatu 5-7<br \/>\n33100 TAMPERE<\/p>\n<p>Raamatunjae: Autuaita ovat murheelliset, sill\u00e4 he saavat lohdutuksen. (Matt. 5:4)<\/p>\n<p>Koulutus on tarkoitettu sosiaali- ja terveysalan ammattilaisille, psykoterapeuteille, seurakuntien ty\u00f6ntekij\u00f6ille, sielunhoito-\/terapeuttista ty\u00f6t\u00e4 tekeville ja rukouspalvelijoille.<\/p>\n<p>Kouluttajat:<br \/>\nHelena Castr\u00e9n, psykoterapeutti ja rovasti<br \/>\nHilkka-Liisa Vuori, musiikin tohtori, director cantus<\/p>\n<p>Sis\u00e4lt\u00f6:<br \/>\nHyv\u00e4stij\u00e4tt\u00f6riiti surusta, traumasta ja kriisist\u00e4 toipumisesta<br \/>\nKuinka asiakasta tuetaan surun l\u00e4pi<br \/>\nToiminnallisia menetelmi\u00e4<br \/>\nSymbolity\u00f6skentely\u00e4<br \/>\nMiten p\u00e4\u00e4st\u00e4 eteenp\u00e4in<br \/>\nEri-ik\u00e4isten suru<br \/>\nMusiikin merkitys<\/p>\n<p>Hinnoittelu: Koulutusp\u00e4iv\u00e4n hintaan 190 \u20ac sis\u00e4ltyy lounas ja kahvi sek\u00e4 mahdollisuus osallistua ylistys- ja rukousiltaan klo 18-19. J\u00e4senetu 30 \u20ac tarjotaan Suomen ACC ry:n varsinaisille ja kannattajaj\u00e4senille.<br \/>\nKoulutuksen hinta j\u00e4senille 160 \u20ac.<br \/>\nHinta ei-j\u00e4senille 190 \u20ac.<\/p>\n<p>Ilmoittautuminen: Ilmoittautuminen tapahtuu ostamalla koulutus t\u00e4st\u00e4 verkkokaupasta.<br \/>\nTiedot mahdollisista ruoka-aineallergioista pyyd\u00e4mme ilmoittamaan ostamisen yhteydess\u00e4 yhteystietojen j\u00e4lkeiseen viestikentt\u00e4\u00e4n.<\/p>\n<p>Ostamisen j\u00e4lkeen saat antamaasi s\u00e4hk\u00f6postiosoitteeseen maksutositteen, joka on samalla p\u00e4\u00e4sylippusi koulutusp\u00e4iv\u00e4\u00e4n.<\/p>\n<p>Lis\u00e4tiedot acc@accfinland.org<\/p>\n<p>Peruutusehdot: Jos joudumme perumaan jo ostetun osallistumisen, ilmoitamme siit\u00e4 mahdollisimman pian ja palautamme osallistumismaksun pois lukien 30 \u20ac:n k\u00e4sittelymaksu 1.12.2025 asti ja 50 % maksusta 1.1.2026 asti.<br \/>\n1.1.2026 l\u00e4htien emme en\u00e4\u00e4 voi palauttaa maksuja, mutta tarjoamme osallistumisen koulutukseen et\u00e4n\u00e4.<br \/>\nN\u00e4m\u00e4 peruutusehdot koskevat my\u00f6s sit\u00e4 tilannetta, ett\u00e4 osallistuja itse haluaa perua osallistumisensa koulutusp\u00e4iv\u00e4\u00e4n.<br \/>\nOsallistumisen voi peruuttaa ottamalla yhteytt\u00e4 acc(at)accfinland.org<\/p>\n","protected":false},"excerpt":{"rendered":"<p><strong>Koulutustapahtuma Teopoliksella 30.1.2026 klo 9.30-17.30 Toivo ja rakkaus surussa ja luopumisessa<\/strong><\/p>\n","protected":false},"featured_media":3390,"template":"","meta":[],"product_cat":[21],"product_tag":[],"class_list":["post-3387","product","type-product","status-publish","has-post-thumbnail","hentry","product_cat-tapahtumat"],"_links":{"self":[{"href":"https:\/\/www.accfinland.org\/kauppa\/wp-json\/wp\/v2\/product\/3387","targetHints":{"allow":["GET"]}}],"collection":[{"href":"https:\/\/www.accfinland.org\/kauppa\/wp-json\/wp\/v2\/product"}],"about":[{"href":"https:\/\/www.accfinland.org\/kauppa\/wp-json\/wp\/v2\/types\/product"}],"wp:featuredmedia":[{"embeddable":true,"href":"https:\/\/www.accfinland.org\/kauppa\/wp-json\/wp\/v2\/media\/3390"}],"wp:attachment":[{"href":"https:\/\/www.accfinland.org\/kauppa\/wp-json\/wp\/v2\/media?parent=3387"}],"wp:term":[{"taxonomy":"product_cat","embeddable":true,"href":"https:\/\/www.accfinland.org\/kauppa\/wp-json\/wp\/v2\/product_cat?post=3387"},{"taxonomy":"product_tag","embeddable":true,"href":"https:\/\/www.accfinland.org\/kauppa\/wp-json\/wp\/v2\/product_tag?post=3387"}],"curies":[{"name":"wp","href":"https:\/\/api.w.org\/{rel}","templated":true}]}}