{"id":3605,"date":"2026-02-03T07:41:26","date_gmt":"2026-02-03T05:41:26","guid":{"rendered":"https:\/\/www.accfinland.org\/kauppa\/?post_type=product&#038;p=3605"},"modified":"2026-02-28T15:01:18","modified_gmt":"2026-02-28T13:01:18","slug":"webinaari-tiistaina-17-2-2026-seksiriippuvuus-synti-vai-sairaus-millaisesta-ilmiosta-on-kysymyst-kirsi-paulin-1","status":"publish","type":"product","link":"https:\/\/www.accfinland.org\/kauppa\/tuote\/webinaari-tiistaina-17-2-2026-seksiriippuvuus-synti-vai-sairaus-millaisesta-ilmiosta-on-kysymyst-kirsi-paulin-1\/","title":{"rendered":"Webinaari tiistaina 17.3.2026 Seksiriippuvuus &#8211; synti vai sairaus &#8211; Millaisesta ilmi\u00f6st\u00e4 on kysymys &#8211; Kirsi Paulin"},"content":{"rendered":"<p><strong>Ti 17.3.2026 klo 19-20.30 <\/strong><\/p>\r\n\r\n<p class=\"has-medium-font-size\"><strong>Seksiriippuvuus &#8211; synti vai sairaus?<br \/>Millaisesta ilmi\u00f6st\u00e4 on kysymys, miten se vaikuttaa henkil\u00f6\u00f6n itseens\u00e4 ja h\u00e4nen l\u00e4heisiins\u00e4 sek\u00e4 miten me voimme auttaa heit\u00e4?<\/strong><\/p>\r\n\r\n\r\n\r\n\r\n\r\n<p class=\"has-small-font-size\"><strong>Webinaarin puhuja: Kirsi Paulin,<\/strong> fysioterapeutti YAMK, sielunhoitoterapeutti (RE), pari- ja seksuaaliterapeutti, Sex Addiction Counsellor (UK), Certified Clinical Partner Specialist (US), ERCEM Specialist (US)<\/p>\r\n<p>Juontaja: Tarja Vilppola<\/p>\r\n\r\n\r\n\r\n<p>\u00a0Webinaariin ovat tervetulleita kaikki aiheesta kiinnostuneet! Mukaan mahtuu sata osallistujaa. Osallistuminen ACC:n j\u00e4senilt\u00e4 10 \u20ac ja muilta 20 \u20ac. Ilmoittautuminen tapahtuu, kun ostat t\u00e4m\u00e4n webinaarin. Maksun j\u00e4lkeen saat vahvistuksen ilmoittautumisesta ja linkin webinaariin. Muistutusviesti webinaarista l\u00e4hetet\u00e4\u00e4n Sinulle l\u00e4hemp\u00e4n\u00e4 webinaarin ajankohtaa.\u00a0 <strong>Tallenne pidettyyn webinaariin<\/strong> l\u00e4hetet\u00e4\u00e4n sinulle viikon p\u00e4\u00e4st\u00e4 webinaarista, jolloin saat my\u00f6s mahdolliset webinaaridiat. Tallenne on katseltavissa linkin kautta kuukauden ajan YouTubessa.<\/p>\r\n","protected":false},"excerpt":{"rendered":"<p class=\"has-medium-font-size\"><strong>Seksiriippuvuus &#8211; synti vai sairaus?<br \/>Millaisesta ilmi\u00f6st\u00e4 on kysymys, miten se vaikuttaa henkil\u00f6\u00f6n itseens\u00e4 ja h\u00e4nen l\u00e4heisiins\u00e4 sek\u00e4 miten me voimme auttaa heit\u00e4?<\/strong><\/p>\n<p><!-- \/wp:paragraph --><\/p>\n<p><!-- wp:paragraph {\"fontSize\":\"small\"} --><!-- \/wp:paragraph --><\/p>\n<p><!-- wp:paragraph {\"fontSize\":\"small\"} --><\/p>\n<p class=\"has-small-font-size\"><strong>Webinaarin puhuja: Kirsi Paulin,<\/strong> fysioterapeutti YAMK, sielunhoitoterapeutti (RE), pari- ja seksuaaliterapeutti, Sex Addiction Counsellor (UK), Certified Clinical Partner Specialist (US), ERCEM Specialist (US)<\/p>\n","protected":false},"featured_media":3618,"template":"","meta":[],"product_cat":[22],"product_tag":[],"class_list":["post-3605","product","type-product","status-publish","has-post-thumbnail","hentry","product_cat-webinaarit"],"_links":{"self":[{"href":"https:\/\/www.accfinland.org\/kauppa\/wp-json\/wp\/v2\/product\/3605","targetHints":{"allow":["GET"]}}],"collection":[{"href":"https:\/\/www.accfinland.org\/kauppa\/wp-json\/wp\/v2\/product"}],"about":[{"href":"https:\/\/www.accfinland.org\/kauppa\/wp-json\/wp\/v2\/types\/product"}],"wp:featuredmedia":[{"embeddable":true,"href":"https:\/\/www.accfinland.org\/kauppa\/wp-json\/wp\/v2\/media\/3618"}],"wp:attachment":[{"href":"https:\/\/www.accfinland.org\/kauppa\/wp-json\/wp\/v2\/media?parent=3605"}],"wp:term":[{"taxonomy":"product_cat","embeddable":true,"href":"https:\/\/www.accfinland.org\/kauppa\/wp-json\/wp\/v2\/product_cat?post=3605"},{"taxonomy":"product_tag","embeddable":true,"href":"https:\/\/www.accfinland.org\/kauppa\/wp-json\/wp\/v2\/product_tag?post=3605"}],"curies":[{"name":"wp","href":"https:\/\/api.w.org\/{rel}","templated":true}]}}