{"id":67,"date":"2021-08-06T15:23:02","date_gmt":"2021-08-06T12:23:02","guid":{"rendered":"https:\/\/www.accfinland.org\/kauppa\/?post_type=product&#038;p=67"},"modified":"2025-02-04T12:19:07","modified_gmt":"2025-02-04T10:19:07","slug":"konferenssijulkaisu-2020","status":"publish","type":"product","link":"https:\/\/www.accfinland.org\/kauppa\/tuote\/konferenssijulkaisu-2020\/","title":{"rendered":"Konferenssijulkaisu 2020"},"content":{"rendered":"<p>Turun kristillisell\u00e4 opistolla 24.-26.1.2020 j\u00e4rjestetyn Suomen ACC:n VIII konferenssi psykologisen tiedon ja kristillisen uskon vuorovaikutuksesta -tapahtuman luentokooste. Kooste pit\u00e4\u00e4 sis\u00e4ll\u00e4\u00e4n konferenssissa pidettyjen luentojen sek\u00e4 kanavien tiivistelm\u00e4t. 24 sivua, koko A4, neliv\u00e4ri.<\/p>\n","protected":false},"excerpt":{"rendered":"<p>Turun kristillisell\u00e4 opistolla 24.-26.1.2020 j\u00e4rjestetyn Suomen ACC:n VIII konferenssi psykologisen tiedon ja kristillisen uskon vuorovaikutuksesta -tapahtuman luentokooste. Kooste pit\u00e4\u00e4 sis\u00e4ll\u00e4\u00e4n konferenssissa pidettyjen luentojen sek\u00e4 kanavien tiivistelm\u00e4t. 24 sivua, koko A4, neliv\u00e4ri.<\/p>\n","protected":false},"featured_media":65,"template":"","meta":[],"product_cat":[20],"product_tag":[],"class_list":["post-67","product","type-product","status-publish","has-post-thumbnail","hentry","product_cat-konferenssijulkaisut"],"_links":{"self":[{"href":"https:\/\/www.accfinland.org\/kauppa\/wp-json\/wp\/v2\/product\/67","targetHints":{"allow":["GET"]}}],"collection":[{"href":"https:\/\/www.accfinland.org\/kauppa\/wp-json\/wp\/v2\/product"}],"about":[{"href":"https:\/\/www.accfinland.org\/kauppa\/wp-json\/wp\/v2\/types\/product"}],"wp:featuredmedia":[{"embeddable":true,"href":"https:\/\/www.accfinland.org\/kauppa\/wp-json\/wp\/v2\/media\/65"}],"wp:attachment":[{"href":"https:\/\/www.accfinland.org\/kauppa\/wp-json\/wp\/v2\/media?parent=67"}],"wp:term":[{"taxonomy":"product_cat","embeddable":true,"href":"https:\/\/www.accfinland.org\/kauppa\/wp-json\/wp\/v2\/product_cat?post=67"},{"taxonomy":"product_tag","embeddable":true,"href":"https:\/\/www.accfinland.org\/kauppa\/wp-json\/wp\/v2\/product_tag?post=67"}],"curies":[{"name":"wp","href":"https:\/\/api.w.org\/{rel}","templated":true}]}}