{"id":89,"date":"2021-08-03T15:55:44","date_gmt":"2021-08-03T12:55:44","guid":{"rendered":"https:\/\/www.accfinland.org\/kauppa\/?post_type=product&#038;p=89"},"modified":"2022-01-06T10:16:53","modified_gmt":"2022-01-06T08:16:53","slug":"konferenssijulkaisu-2016","status":"publish","type":"product","link":"https:\/\/www.accfinland.org\/kauppa\/tuote\/konferenssijulkaisu-2016\/","title":{"rendered":"Konferenssijulkaisu 2016"},"content":{"rendered":"<p><strong>Suomen ACC:n 10-vuotisjuhlakonferenssi 29.-31.1.2016 Tampereella<\/strong><\/p>\n<p>Konferenssissa k\u00e4siteltiin kristillisen uskon ja psykologisen tiedon yhdist\u00e4mist\u00e4 sielunhoidollisessa ja terapeuttisessa ty\u00f6ss\u00e4. Juhlakonferenssin luennoilla tutkittiin pietismi\u00e4, hengellist\u00e4 ohjausta, kristillist\u00e4 auttamisty\u00f6t\u00e4 filosofian viitekehyksess\u00e4 sek\u00e4 rukouksen k\u00e4ytt\u00f6\u00e4 terapiaty\u00f6ss\u00e4.<\/p>\n<p>Konferenssin p\u00e4\u00e4luennoitsijoina toimivat teologian tohtori Timo Pokki, professori Tapio Puolimatka ja l\u00e4\u00e4ketieteen tohtori Irmeli Sch\u00fcz.<\/p>\n<p>Kanavissa esiteltiin kristillisen uskon ja psykologisen tiedon yhdist\u00e4misest\u00e4 syntyneit\u00e4 oivalluksia ja sovellutuksia auttamisty\u00f6ss\u00e4. Luennot ja kanavaty\u00f6skentely haastavat osallistujia pohtimaan oman auttamismallin yhteytt\u00e4 kristilliseen uskoon. Konferenssin kanavista vastasivat teologian, l\u00e4\u00e4ketieteen, psykologian, psykoterapian, kasvatuksen ja sielunhoidon asiantuntijat.<\/p>\n","protected":false},"excerpt":{"rendered":"<p>Vuoden 2016 konferennsijulkaisu.<\/p>\n","protected":false},"featured_media":90,"template":"","meta":[],"product_cat":[20],"product_tag":[],"class_list":["post-89","product","type-product","status-publish","has-post-thumbnail","hentry","product_cat-konferenssijulkaisut"],"_links":{"self":[{"href":"https:\/\/www.accfinland.org\/kauppa\/wp-json\/wp\/v2\/product\/89","targetHints":{"allow":["GET"]}}],"collection":[{"href":"https:\/\/www.accfinland.org\/kauppa\/wp-json\/wp\/v2\/product"}],"about":[{"href":"https:\/\/www.accfinland.org\/kauppa\/wp-json\/wp\/v2\/types\/product"}],"wp:featuredmedia":[{"embeddable":true,"href":"https:\/\/www.accfinland.org\/kauppa\/wp-json\/wp\/v2\/media\/90"}],"wp:attachment":[{"href":"https:\/\/www.accfinland.org\/kauppa\/wp-json\/wp\/v2\/media?parent=89"}],"wp:term":[{"taxonomy":"product_cat","embeddable":true,"href":"https:\/\/www.accfinland.org\/kauppa\/wp-json\/wp\/v2\/product_cat?post=89"},{"taxonomy":"product_tag","embeddable":true,"href":"https:\/\/www.accfinland.org\/kauppa\/wp-json\/wp\/v2\/product_tag?post=89"}],"curies":[{"name":"wp","href":"https:\/\/api.w.org\/{rel}","templated":true}]}}