{"id":91,"date":"2021-08-02T16:10:34","date_gmt":"2021-08-02T13:10:34","guid":{"rendered":"https:\/\/www.accfinland.org\/kauppa\/?post_type=product&#038;p=91"},"modified":"2024-01-11T08:12:41","modified_gmt":"2024-01-11T06:12:41","slug":"konferenssijulkaisu-2014","status":"publish","type":"product","link":"https:\/\/www.accfinland.org\/kauppa\/tuote\/konferenssijulkaisu-2014\/","title":{"rendered":"Konferenssijulkaisu 2014"},"content":{"rendered":"<p><strong>V Konferenssi 31.1.-2.2.2014 Tampereella<\/strong><\/p>\n<div class=\"wp-block-image\">\n<p>Konferenssissa k\u00e4siteltiin kristillisen uskon ja psykologisen tiedon yhdist\u00e4mist\u00e4 sielunhoidollisessa ja terapeuttisessa ty\u00f6ss\u00e4. Luennoilla tutkittiin reformaatiota, hengellist\u00e4 uudistumista, kristillisen auttamisen perusteita sek\u00e4 sen parantavia tekij\u00f6it\u00e4.<\/p>\n<p>Kanavissa esiteltiin kristillisen uskon ja psykologisen tiedon yhdist\u00e4misest\u00e4 syntyneit\u00e4 oivalluksia ja sovellutuksia mm. psykoterapiassa, sielunhoidossa, lasten auttamisessa ja psykofyysisess\u00e4 fysioterapiassa.<\/p>\n<p>Konferenssin p\u00e4\u00e4puhujana oli psykologian professori Nicolene Joubert Etel\u00e4-Afrikasta. H\u00e4n on tehnyt terapeuttista asiakasty\u00f6t\u00e4 vuodesta 1983 l\u00e4htien. H\u00e4n toimi vuonna 2000 perustamansa Kristillisen psykologian instituutin (ICP) rehtorina ja psykologian professorina (Die Afrikaanse Protestentse Akademie). H\u00e4n on perehtynyt traumaterapiaan ja hengellisten interventioiden soveltamiseen osana terapiaprosessia.<\/p>\n<\/div>\n","protected":false},"excerpt":{"rendered":"<p>Vuoden 2014 konferennsijulkaisu.<\/p>\n","protected":false},"featured_media":92,"template":"","meta":[],"product_cat":[20],"product_tag":[],"class_list":["post-91","product","type-product","status-publish","has-post-thumbnail","hentry","product_cat-konferenssijulkaisut"],"_links":{"self":[{"href":"https:\/\/www.accfinland.org\/kauppa\/wp-json\/wp\/v2\/product\/91","targetHints":{"allow":["GET"]}}],"collection":[{"href":"https:\/\/www.accfinland.org\/kauppa\/wp-json\/wp\/v2\/product"}],"about":[{"href":"https:\/\/www.accfinland.org\/kauppa\/wp-json\/wp\/v2\/types\/product"}],"wp:featuredmedia":[{"embeddable":true,"href":"https:\/\/www.accfinland.org\/kauppa\/wp-json\/wp\/v2\/media\/92"}],"wp:attachment":[{"href":"https:\/\/www.accfinland.org\/kauppa\/wp-json\/wp\/v2\/media?parent=91"}],"wp:term":[{"taxonomy":"product_cat","embeddable":true,"href":"https:\/\/www.accfinland.org\/kauppa\/wp-json\/wp\/v2\/product_cat?post=91"},{"taxonomy":"product_tag","embeddable":true,"href":"https:\/\/www.accfinland.org\/kauppa\/wp-json\/wp\/v2\/product_tag?post=91"}],"curies":[{"name":"wp","href":"https:\/\/api.w.org\/{rel}","templated":true}]}}