{"id":93,"date":"2021-08-01T16:13:22","date_gmt":"2021-08-01T13:13:22","guid":{"rendered":"https:\/\/www.accfinland.org\/kauppa\/?post_type=product&#038;p=93"},"modified":"2024-04-21T22:49:42","modified_gmt":"2024-04-21T19:49:42","slug":"konferenssijulkaisu-2012","status":"publish","type":"product","link":"https:\/\/www.accfinland.org\/kauppa\/tuote\/konferenssijulkaisu-2012\/","title":{"rendered":"Konferenssijulkaisu 2012"},"content":{"rendered":"<p><strong>IV Konferenssi 27.1.-29.1.2012 Tampereella<\/strong><\/p>\n<p>Konferenssissa k\u00e4siteltiin\u00a0kristillisen uskon ja psykologisen tiedon yhdist\u00e4mist\u00e4 terapeuttisessa ty\u00f6ss\u00e4. Luennot ammensivat sek\u00e4 keskiajan hengellisyydest\u00e4 ett\u00e4 uudemmista l\u00f6yd\u00f6ist\u00e4 ja sovelsivat hengellisi\u00e4 totuuksia t\u00e4m\u00e4n p\u00e4iv\u00e4n sielunhoitoon ja terapiaan. Luennoilla k\u00e4siteltiin auttamiseen liittyvi\u00e4 perusteita, kuten kristillist\u00e4 maailman- ja ihmiskuvaa sek\u00e4 kristilliseen auttamiseen liittyv\u00e4\u00e4 etiikkaa. Hengellisi\u00e4 interventioita tarkasteltiin osana auttamista. Rukous yhten\u00e4 hengellisen\u00e4 interventiona toimi tapahtuman punaisena lankana.<\/p>\n<p>Kanavissa esiteltiin\u00a0uskon ja psykologisen tiedon yh- dist\u00e4misest\u00e4 syntyneit\u00e4 oivalluksia ja sovellutuksia te- rapiassa, sielunhoidossa, psykodraamassa, lastensuo- jelussa sek\u00e4 p\u00e4ihde- ja seurakuntaty\u00f6ss\u00e4.<\/p>\n<p>Nelj\u00e4nnen konferenssin p\u00e4\u00e4puhujana toimi psykologian professori ja Kristillisen psykologian instituutin (ICP) johtaja Nicolene Joubert, Etel\u00e4-Afrikasta. Osallistujia tapahtumassa oli noin 200.<\/p>\n","protected":false},"excerpt":{"rendered":"<p>Vuoden 2012 konferenssijulkaisu.<\/p>\n","protected":false},"featured_media":94,"template":"","meta":[],"product_cat":[20],"product_tag":[],"class_list":["post-93","product","type-product","status-publish","has-post-thumbnail","hentry","product_cat-konferenssijulkaisut"],"_links":{"self":[{"href":"https:\/\/www.accfinland.org\/kauppa\/wp-json\/wp\/v2\/product\/93","targetHints":{"allow":["GET"]}}],"collection":[{"href":"https:\/\/www.accfinland.org\/kauppa\/wp-json\/wp\/v2\/product"}],"about":[{"href":"https:\/\/www.accfinland.org\/kauppa\/wp-json\/wp\/v2\/types\/product"}],"wp:featuredmedia":[{"embeddable":true,"href":"https:\/\/www.accfinland.org\/kauppa\/wp-json\/wp\/v2\/media\/94"}],"wp:attachment":[{"href":"https:\/\/www.accfinland.org\/kauppa\/wp-json\/wp\/v2\/media?parent=93"}],"wp:term":[{"taxonomy":"product_cat","embeddable":true,"href":"https:\/\/www.accfinland.org\/kauppa\/wp-json\/wp\/v2\/product_cat?post=93"},{"taxonomy":"product_tag","embeddable":true,"href":"https:\/\/www.accfinland.org\/kauppa\/wp-json\/wp\/v2\/product_tag?post=93"}],"curies":[{"name":"wp","href":"https:\/\/api.w.org\/{rel}","templated":true}]}}